{"id":112,"date":"2019-08-31T09:29:48","date_gmt":"2019-08-31T07:29:48","guid":{"rendered":"http:\/\/natuerlichausderregion.de\/?page_id=112"},"modified":"2026-04-03T11:27:08","modified_gmt":"2026-04-03T09:27:08","slug":"varroa-und-behandlung","status":"publish","type":"page","link":"https:\/\/natuerlichausderregion.de\/?page_id=112","title":{"rendered":"Varroa"},"content":{"rendered":"\n<p>Es gibt einen Parasiten in unseren Bienenv\u00f6lkern, den man auch nicht mehr komplett aus ihnen entfernen kann (zumindest nach aktuellem Forschungsstand nicht). Es handelt sich um die Varroamilbe, die sich in der Bienenbrut vermehrt und sowohl Larven als auch erwachsene Bienen parasitiert. Wichtig im Umgang mit der Milbe ist, dass man den Befallsgrad des Bienenvolkes \u00fcberpr\u00fcft und daf\u00fcr sorgt, dass es nicht zu viele Milben werden. Denn ein zu hoher Befall mit der Milbe schw\u00e4cht die Bienen so sehr, sodass es im Winter zu V\u00f6lkerverlusten kommen kann (Tod durch Varroa = Varrose). Da dieser eingeschleppte Parasit f\u00fcr unsere westlichen Honigbienen erst seit den 70er Jahren bekannt ist und keine nat\u00fcrlichen Abwehrmechanismen von den Bienen ausgehen, muss der Imker daf\u00fcr Sorge tragen, dass die Milbenanzahl im Volk reduziert wird und der Befallsgrad in einem bienenvertr\u00e4glichen Ma\u00df bleibt. Es gibt eine Vielzahl an Behandlungsm\u00f6glichkeiten und jeder Imker muss nach seiner Priorit\u00e4t f\u00fcr sich ein passendes Konzept finden.<\/p>\n\n\n\n<p>In meiner Imkerei verwende ich als Behandlungsmittel ausschlie\u00dflich <strong>organische S\u00e4uren<\/strong> wie<strong> Oxals\u00e4ure<\/strong>, die richtig angewendet keine R\u00fcckst\u00e4nde in den Bienenv\u00f6lkern hinterlassen. Behandelt wird <strong>nach der letzten Honigernte<\/strong> im Sommer oder Herbst sowie, falls n\u00f6tig, im Winter vor dem Jahreswechsel. Ableger, von denen im laufenden Jahr kein Honig geerntet wird, kann man auch im Fr\u00fchjahr oder Sommer mit Oxals\u00e4ure behandeln. <\/p>\n\n\n\n<p>Es empfiehlt sich folgenden Grundsatz zu befolgen: so viel wie n\u00f6tig, so wenig wie m\u00f6glich! <\/p>\n\n\n\n<p><\/p>\n","protected":false},"excerpt":{"rendered":"<p>Es gibt einen Parasiten in unseren Bienenv\u00f6lkern, den man auch nicht mehr komplett aus ihnen entfernen kann (zumindest nach aktuellem Forschungsstand nicht). Es handelt sich um die Varroamilbe, die sich in der Bienenbrut vermehrt und sowohl Larven als auch erwachsene Bienen parasitiert. Wichtig im&#8230;<\/p>\n","protected":false},"author":1,"featured_media":0,"parent":0,"menu_order":4,"comment_status":"closed","ping_status":"closed","template":"","meta":{"footnotes":""},"_links":{"self":[{"href":"https:\/\/natuerlichausderregion.de\/index.php?rest_route=\/wp\/v2\/pages\/112"}],"collection":[{"href":"https:\/\/natuerlichausderregion.de\/index.php?rest_route=\/wp\/v2\/pages"}],"about":[{"href":"https:\/\/natuerlichausderregion.de\/index.php?rest_route=\/wp\/v2\/types\/page"}],"author":[{"embeddable":true,"href":"https:\/\/natuerlichausderregion.de\/index.php?rest_route=\/wp\/v2\/users\/1"}],"replies":[{"embeddable":true,"href":"https:\/\/natuerlichausderregion.de\/index.php?rest_route=%2Fwp%2Fv2%2Fcomments&post=112"}],"version-history":[{"count":13,"href":"https:\/\/natuerlichausderregion.de\/index.php?rest_route=\/wp\/v2\/pages\/112\/revisions"}],"predecessor-version":[{"id":457,"href":"https:\/\/natuerlichausderregion.de\/index.php?rest_route=\/wp\/v2\/pages\/112\/revisions\/457"}],"wp:attachment":[{"href":"https:\/\/natuerlichausderregion.de\/index.php?rest_route=%2Fwp%2Fv2%2Fmedia&parent=112"}],"curies":[{"name":"wp","href":"https:\/\/api.w.org\/{rel}","templated":true}]}}