{"id":25,"date":"2019-08-28T12:42:11","date_gmt":"2019-08-28T10:42:11","guid":{"rendered":"http:\/\/natuerlichausderregion.de\/?page_id=25"},"modified":"2026-04-03T11:25:13","modified_gmt":"2026-04-03T09:25:13","slug":"ueber-mich","status":"publish","type":"page","link":"https:\/\/natuerlichausderregion.de\/?page_id=25","title":{"rendered":"Meine Imkerei"},"content":{"rendered":"\n<p>Mein Name ist Manuel Schmidt, ich bin Biologe und habe Bienen seitdem ich 14 Jahre alt bin. Zu den Bienen gekommen bin ich, nachdem wir im Biologieunterricht eine Imkerei besichtigt haben. Ich war sofort fasziniert von diesen kleinen, intelligenten Tieren und ihrer Leistung. Zu Hause angekommen erz\u00e4hlte ich voller Begeisterung von diesem Erlebnis, meine Mutter hat nicht lange gez\u00f6gert und mir den Kontakt zu einer Imkerin im ortsans\u00e4ssigen Verein hergestellt. Schnell habe ich Grundkurse sowie einen Honiglehrgang besucht und ich startete mit meinen ersten eigenen Bienenv\u00f6lkern. Mittlerweile ist dieses Hobby mehr und mehr zu einer Sucht f\u00fcr mich geworden und ich bewirtschafte und k\u00fcmmere mich um ein paar Bienenv\u00f6lker im sch\u00f6nen Sauerland.<\/p>\n\n\n\n<figure class=\"wp-block-image is-resized\"><img loading=\"lazy\" decoding=\"async\" width=\"1024\" height=\"683\" src=\"http:\/\/natuerlichausderregion.de\/wp-content\/uploads\/2019\/08\/IMG_1962-1-1024x683.jpg\" alt=\"\" class=\"wp-image-53\" style=\"width:577px;height:384px\" srcset=\"https:\/\/natuerlichausderregion.de\/wp-content\/uploads\/2019\/08\/IMG_1962-1-1024x683.jpg 1024w, https:\/\/natuerlichausderregion.de\/wp-content\/uploads\/2019\/08\/IMG_1962-1-300x200.jpg 300w, https:\/\/natuerlichausderregion.de\/wp-content\/uploads\/2019\/08\/IMG_1962-1-768x512.jpg 768w, https:\/\/natuerlichausderregion.de\/wp-content\/uploads\/2019\/08\/IMG_1962-1-1800x1200.jpg 1800w, https:\/\/natuerlichausderregion.de\/wp-content\/uploads\/2019\/08\/IMG_1962-1-640x427.jpg 640w\" sizes=\"(max-width: 1024px) 100vw, 1024px\" \/><\/figure>\n\n\n\n<p><\/p>\n\n\n\n<figure class=\"wp-block-image size-large is-resized\"><img loading=\"lazy\" decoding=\"async\" width=\"689\" height=\"1024\" src=\"https:\/\/natuerlichausderregion.de\/wp-content\/uploads\/2023\/03\/78B3747B-B5FF-4065-86C6-7F5F2FE33B87-689x1024.jpeg\" alt=\"\" class=\"wp-image-349\" style=\"width:582px;height:865px\" srcset=\"https:\/\/natuerlichausderregion.de\/wp-content\/uploads\/2023\/03\/78B3747B-B5FF-4065-86C6-7F5F2FE33B87-689x1024.jpeg 689w, https:\/\/natuerlichausderregion.de\/wp-content\/uploads\/2023\/03\/78B3747B-B5FF-4065-86C6-7F5F2FE33B87-202x300.jpeg 202w, https:\/\/natuerlichausderregion.de\/wp-content\/uploads\/2023\/03\/78B3747B-B5FF-4065-86C6-7F5F2FE33B87-768x1141.jpeg 768w, https:\/\/natuerlichausderregion.de\/wp-content\/uploads\/2023\/03\/78B3747B-B5FF-4065-86C6-7F5F2FE33B87-1034x1536.jpeg 1034w, https:\/\/natuerlichausderregion.de\/wp-content\/uploads\/2023\/03\/78B3747B-B5FF-4065-86C6-7F5F2FE33B87-1379x2048.jpeg 1379w, https:\/\/natuerlichausderregion.de\/wp-content\/uploads\/2023\/03\/78B3747B-B5FF-4065-86C6-7F5F2FE33B87-431x640.jpeg 431w, https:\/\/natuerlichausderregion.de\/wp-content\/uploads\/2023\/03\/78B3747B-B5FF-4065-86C6-7F5F2FE33B87-scaled.jpeg 1724w\" sizes=\"(max-width: 689px) 100vw, 689px\" \/><\/figure>\n\n\n\n<p>Ich versuche die nat\u00fcrlichen Abl\u00e4ufe der Bienen zu ber\u00fccksichtigen und mein Handeln danach auszurichten. Die Bienenv\u00f6lker sollen ihre nat\u00fcrlichen Verhaltensweisen und Bed\u00fcrfnisse ausleben und werden durch die Imkerhand nur etwas gelenkt. Sind die Bienen gesund und vital, produzieren sie automatisch mehr als genug Honig (sofern die Pflanzen genug Nektar produzieren und keinen Trockenstress haben).<\/p>\n\n\n\n<p><\/p>\n\n\n\n<p><strong>Ein paar Eckpfeiler meiner Imkerei:<\/strong><\/p>\n\n\n\n<ul>\n<li>Ich lasse die Bienenv\u00f6lker nicht schw\u00e4rmen (auch wenn das ihrer Natur entspricht). Nicht eingefangene Schw\u00e4rme sind leider dem Tod geweiht, da kein Imker die Varroamilben bek\u00e4mpft und den Futtervorrat im Blick hat. Au\u00dferdem gibt es in der Natur kaum noch nat\u00fcrliche Behausungen und die Schw\u00e4rme beziehen ung\u00fcnstige Stellen wie Zwischenb\u00f6den in H\u00e4usern, Kaminsch\u00e4chte etc.<\/li>\n\n\n\n<li>Honig wird ausschlie\u00dflich aus unbebr\u00fcteten und hellen Waben geerntet.<\/li>\n\n\n\n<li>Die Bienenv\u00f6lker behalten immer einen Teil des Honigs zur \u00dcberwinterung.<\/li>\n\n\n\n<li>Ich schneide\/vernichte keine Drohnenbrut.<\/li>\n\n\n\n<li>Gegen die Varroamilbe behandle ich ausschlie\u00dflich mit organischen S\u00e4uren, die nat\u00fcrlicherweise auch in Lebensmitteln oder der Natur vorkommen und erst nach der Honigernte angewendet werden.<\/li>\n\n\n\n<li>Ich betreibe einen eigenen Wachskreislauf beziehungsweise eine Wachsstrecke und kaufe kein Wachs hinzu.<\/li>\n<\/ul>\n","protected":false},"excerpt":{"rendered":"<p>Mein Name ist Manuel Schmidt, ich bin Biologe und habe Bienen seitdem ich 14 Jahre alt bin. Zu den Bienen gekommen bin ich, nachdem wir im Biologieunterricht eine Imkerei besichtigt haben. Ich war sofort fasziniert von diesen kleinen, intelligenten Tieren und ihrer Leistung. Zu&#8230;<\/p>\n","protected":false},"author":1,"featured_media":0,"parent":0,"menu_order":0,"comment_status":"closed","ping_status":"closed","template":"","meta":{"footnotes":""},"_links":{"self":[{"href":"https:\/\/natuerlichausderregion.de\/index.php?rest_route=\/wp\/v2\/pages\/25"}],"collection":[{"href":"https:\/\/natuerlichausderregion.de\/index.php?rest_route=\/wp\/v2\/pages"}],"about":[{"href":"https:\/\/natuerlichausderregion.de\/index.php?rest_route=\/wp\/v2\/types\/page"}],"author":[{"embeddable":true,"href":"https:\/\/natuerlichausderregion.de\/index.php?rest_route=\/wp\/v2\/users\/1"}],"replies":[{"embeddable":true,"href":"https:\/\/natuerlichausderregion.de\/index.php?rest_route=%2Fwp%2Fv2%2Fcomments&post=25"}],"version-history":[{"count":26,"href":"https:\/\/natuerlichausderregion.de\/index.php?rest_route=\/wp\/v2\/pages\/25\/revisions"}],"predecessor-version":[{"id":455,"href":"https:\/\/natuerlichausderregion.de\/index.php?rest_route=\/wp\/v2\/pages\/25\/revisions\/455"}],"wp:attachment":[{"href":"https:\/\/natuerlichausderregion.de\/index.php?rest_route=%2Fwp%2Fv2%2Fmedia&parent=25"}],"curies":[{"name":"wp","href":"https:\/\/api.w.org\/{rel}","templated":true}]}}