{"id":45,"date":"2019-08-28T15:02:14","date_gmt":"2019-08-28T13:02:14","guid":{"rendered":"http:\/\/natuerlichausderregion.de\/?page_id=45"},"modified":"2026-04-03T11:20:13","modified_gmt":"2026-04-03T09:20:13","slug":"offener-wachskreislauf","status":"publish","type":"page","link":"https:\/\/natuerlichausderregion.de\/?page_id=45","title":{"rendered":"Wachs"},"content":{"rendered":"\n<p>Ich betreibe einen offenen Wachskreislauf beziehungsweise eine Wachsstrecke. Das hei\u00dft konkret, dass ich kein Wachs hinzukaufe, sondern jede Saison neues, von den Bienen produziertes, Wachs in den Kreislauf einflie\u00dfen lasse und Wachs aus \u00e4lteren Waben entferne.<\/p>\n\n\n\n<p>Das \u00fcber die Saison gesammelte Wachs lasse ich in einem Betrieb zu Mittelw\u00e4nden (d\u00fcnne Wachsplatten) umarbeiten, die in einem sp\u00e4teren Schritt in einem R\u00e4hmchen befestigt werden. Dadurch k\u00f6nnen die Bienen ihre Waben schneller errichten und m\u00fcssen weniger neues Wachs &#8222;ausschwitzen&#8220; (produzieren). Diese Mittelw\u00e4nde haben bereits ein vorgegebenes Zellmuster aus Sechsecken. Die Bienen sind aber nat\u00fcrlich auch in der Lage selbst Waben zu bauen, was sie allerdings deutlich mehr Kraft und Ressourcen kostet (s. Foto).<\/p>\n\n\n\n<p>Jedes Jahr sortiere ich einige \u00e4ltere Waben aus den Bienenv\u00f6lkern aus, da sie durch die Brutt\u00e4tigkeit mit der Zeit immer dunkler werden. Die Waben werden eingeschmolzen und das aufbereitete Wachs wird aus dem Kreislauf entfernt. Das Altwabenwachs kann man zu Kerzen umarbeiten.<\/p>\n\n\n\n<figure class=\"wp-block-image is-resized\"><img loading=\"lazy\" decoding=\"async\" width=\"1024\" height=\"683\" src=\"http:\/\/natuerlichausderregion.de\/wp-content\/uploads\/2019\/08\/IMG_8559-1024x683.jpg\" alt=\"\" class=\"wp-image-12\" style=\"width:619px;height:412px\" srcset=\"https:\/\/natuerlichausderregion.de\/wp-content\/uploads\/2019\/08\/IMG_8559-1024x683.jpg 1024w, https:\/\/natuerlichausderregion.de\/wp-content\/uploads\/2019\/08\/IMG_8559-300x200.jpg 300w, https:\/\/natuerlichausderregion.de\/wp-content\/uploads\/2019\/08\/IMG_8559-768x512.jpg 768w\" sizes=\"(max-width: 1024px) 100vw, 1024px\" \/><figcaption class=\"wp-element-caption\">Frisch produziertes Wachs ist reinwei\u00df und f\u00e4rbt sich mit der Zeit durch Inhaltsstoffe aus Bl\u00fctenpollen gelblich-orange<\/figcaption><\/figure>\n","protected":false},"excerpt":{"rendered":"<p>Ich betreibe einen offenen Wachskreislauf beziehungsweise eine Wachsstrecke. Das hei\u00dft konkret, dass ich kein Wachs hinzukaufe, sondern jede Saison neues, von den Bienen produziertes, Wachs in den Kreislauf einflie\u00dfen lasse und Wachs aus \u00e4lteren Waben entferne. Das \u00fcber die Saison gesammelte Wachs lasse ich&#8230;<\/p>\n","protected":false},"author":1,"featured_media":0,"parent":0,"menu_order":3,"comment_status":"closed","ping_status":"closed","template":"","meta":{"footnotes":""},"_links":{"self":[{"href":"https:\/\/natuerlichausderregion.de\/index.php?rest_route=\/wp\/v2\/pages\/45"}],"collection":[{"href":"https:\/\/natuerlichausderregion.de\/index.php?rest_route=\/wp\/v2\/pages"}],"about":[{"href":"https:\/\/natuerlichausderregion.de\/index.php?rest_route=\/wp\/v2\/types\/page"}],"author":[{"embeddable":true,"href":"https:\/\/natuerlichausderregion.de\/index.php?rest_route=\/wp\/v2\/users\/1"}],"replies":[{"embeddable":true,"href":"https:\/\/natuerlichausderregion.de\/index.php?rest_route=%2Fwp%2Fv2%2Fcomments&post=45"}],"version-history":[{"count":12,"href":"https:\/\/natuerlichausderregion.de\/index.php?rest_route=\/wp\/v2\/pages\/45\/revisions"}],"predecessor-version":[{"id":453,"href":"https:\/\/natuerlichausderregion.de\/index.php?rest_route=\/wp\/v2\/pages\/45\/revisions\/453"}],"wp:attachment":[{"href":"https:\/\/natuerlichausderregion.de\/index.php?rest_route=%2Fwp%2Fv2%2Fmedia&parent=45"}],"curies":[{"name":"wp","href":"https:\/\/api.w.org\/{rel}","templated":true}]}}